{"id":436,"date":"2025-07-28T20:40:26","date_gmt":"2025-07-28T18:40:26","guid":{"rendered":"https:\/\/www.asrfondacija.com\/ev\/"},"modified":"2026-03-28T11:52:22","modified_gmt":"2026-03-28T10:52:22","slug":"ev","status":"publish","type":"page","link":"https:\/\/www.asrfondacija.com\/tr\/","title":{"rendered":"Ev"},"content":{"rendered":"\n<div class=\"wp-block-uagb-container uagb-block-e3752e37 alignfull uagb-is-root-container\"><div class=\"uagb-container-inner-blocks-wrap\">\n<div class=\"wp-block-uagb-container uagb-block-d3b14957\">\n<div class=\"wp-block-uagb-info-box uagb-block-67ea5b15 uagb-infobox__content-wrap  uagb-infobox-icon-above-title uagb-infobox-image-valign-top\"><div class=\"uagb-ifb-content\"><div class=\"uagb-ifb-title-wrap\"><div class=\"uagb-ifb-separator\"><\/div><h2 class=\"uagb-ifb-title\">Son eylemler<\/h2><\/div><p class=\"uagb-ifb-desc\">\u015eeffafl\u0131k ilkesi gere\u011fi ar\u015fivimizde kay\u0131t alt\u0131na ald\u0131\u011f\u0131m\u0131z \u00e7ok say\u0131da eylem d\u00fczenledik.<\/p><\/div><\/div>\n\n\n\n<div class=\"wp-block-uagb-buttons uagb-buttons__outer-wrap uagb-btn__default-btn uagb-btn-tablet__default-btn uagb-btn-mobile__default-btn uagb-block-20906938\"><div class=\"uagb-buttons__wrap uagb-buttons-layout-wrap \">\n<div class=\"wp-block-uagb-buttons-child uagb-buttons__outer-wrap uagb-block-9abc41a2 wp-block-button\"><div class=\"uagb-button__wrapper\"><a class=\"uagb-buttons-repeater wp-block-button__link\" aria-label=\"\" href=\"https:\/\/www.asrfondacija.com\/aktivne-akcije\/\" rel=\"follow noopener\" target=\"_self\" role=\"button\"><div class=\"uagb-button__link\">Aktif eylemleri g\u00f6r\u00fcn<\/div><\/a><\/div><\/div>\n<\/div><\/div>\n<\/div>\n\n\n\n<div class=\"wp-block-uagb-container uagb-block-407fa12a alignfull uagb-is-root-container\"><div class=\"uagb-container-inner-blocks-wrap\">\n\t\t\t<div class=\"wp-block-uagb-post-grid uagb-post-grid  uagb-post__image-position-top uagb-post__image-enabled uagb-block-144310db     uagb-post__items uagb-post__columns-3 is-grid uagb-post__columns-tablet-2 uagb-post__columns-mobile-1 uagb-post__equal-height\" data-total=\"1\" style=\"\">\n\n\t\t\t\t\t\t\t\t\t\t\t\t<article class=\"uagb-post__inner-wrap\">\t\t\t\t\t\t\t\t<div class='uagb-post__image'>\n\t\t\t\t\t\t\t\t\t<a href=\"https:\/\/www.asrfondacija.com\/tr\/dunyaca-unlu-cocuk-kalp-cerrahi-prof-dr-mustafa-avsar-yeniden-saraybosnada-bulunmaktadir\/\" target=\"_self\" rel=\"bookmark noopener noreferrer\" class='uagb-image-ratio-2-3'><img loading=\"lazy\" decoding=\"async\" width=\"884\" height=\"1024\" src=\"https:\/\/www.asrfondacija.com\/wp-content\/uploads\/2026\/03\/Mustafa-Avsar1-884x1024.webp\" class=\"attachment-large size-large\" alt=\"\" srcset=\"https:\/\/www.asrfondacija.com\/wp-content\/uploads\/2026\/03\/Mustafa-Avsar1-884x1024.webp 884w, https:\/\/www.asrfondacija.com\/wp-content\/uploads\/2026\/03\/Mustafa-Avsar1-259x300.webp 259w, https:\/\/www.asrfondacija.com\/wp-content\/uploads\/2026\/03\/Mustafa-Avsar1-768x890.webp 768w, https:\/\/www.asrfondacija.com\/wp-content\/uploads\/2026\/03\/Mustafa-Avsar1-1325x1536.webp 1325w, https:\/\/www.asrfondacija.com\/wp-content\/uploads\/2026\/03\/Mustafa-Avsar1-1767x2048.webp 1767w, https:\/\/www.asrfondacija.com\/wp-content\/uploads\/2026\/03\/Mustafa-Avsar1.webp 1950w\" sizes=\"auto, (max-width: 884px) 100vw, 884px\" \/>\t\t\t\t\t<\/a>\n\t\t\t\t\t\t\t<\/div>\n\t\t\t\t\t\t<h4 class=\"uagb-post__title uagb-post__text\">\n\t\t\t\t<a href=\"https:\/\/www.asrfondacija.com\/tr\/dunyaca-unlu-cocuk-kalp-cerrahi-prof-dr-mustafa-avsar-yeniden-saraybosnada-bulunmaktadir\/\" target=\"_self\" rel=\"bookmark noopener noreferrer\">D\u00fcnyaca \u00fcnl\u00fc \u00e7ocuk kalp cerrah\u0131 Prof. Dr. Mustafa Av\u015far yeniden Saraybosna\u2019da bulunmaktad\u0131r.<\/a>\n\t\t\t<\/h4>\n\t\t\t\t\t\t<div class='uagb-post__text uagb-post-grid-byline'>\n\t\t\t\t\t\t\t\t<time datetime=\"2026-03-28T11:54:19+01:00\" class=\"uagb-post__date\">\n\t\t\t\t<span class=\"dashicons-calendar dashicons\"><\/span>\t\t\t\t\t28 Mart 2026\t\t\t\t<\/time>\n\t\t\t\t\t\t<\/div>\n\t\t\t\t\t\t\t<div class='uagb-post__text uagb-post__excerpt'>\n\t\t\t\t\t<p>D\u00fcnyaca \u00fcnl\u00fc \u00e7ocuk kalp cerrah\u0131 Prof. Dr. Mustafa Av\u015far yeniden Saraybosna\u2019da bulunmaktad\u0131r. \u00c7ocuklar i\u00e7in \u00fccretsiz&#8230;\t\t\t\t<\/div>\n\t\t\t\t\t\t<div class=\"uagb-post__text uagb-post__cta wp-block-button\">\n\t\t\t\t<a class=\"wp-block-button__link uagb-text-link\" style=\"\" href=\"https:\/\/www.asrfondacija.com\/tr\/dunyaca-unlu-cocuk-kalp-cerrahi-prof-dr-mustafa-avsar-yeniden-saraybosnada-bulunmaktadir\/\" target=\"_self\" rel=\"bookmark noopener noreferrer\">Devam\u0131n\u0131 oku<\/a>\n\t\t\t<\/div>\n\t\t\t\n\t\t\t\t\t\t\t\t\t<\/article>\n\t\t\t\t\t\t\t\t\t\t\t\t\t\t\t\t<article class=\"uagb-post__inner-wrap\">\t\t\t\t\t\t\t\t<div class='uagb-post__image'>\n\t\t\t\t\t\t\t\t\t<a href=\"https:\/\/www.asrfondacija.com\/tr\/acil-tedavi-cagrisi-amela-emir-puzic\/\" target=\"_self\" rel=\"bookmark noopener noreferrer\" class='uagb-image-ratio-2-3'><img loading=\"lazy\" decoding=\"async\" width=\"768\" height=\"1024\" src=\"https:\/\/www.asrfondacija.com\/wp-content\/uploads\/2026\/03\/Amela-Puzic-apel-768x1024.jpg\" class=\"attachment-large size-large\" alt=\"\" srcset=\"https:\/\/www.asrfondacija.com\/wp-content\/uploads\/2026\/03\/Amela-Puzic-apel-768x1024.jpg 768w, https:\/\/www.asrfondacija.com\/wp-content\/uploads\/2026\/03\/Amela-Puzic-apel-225x300.jpg 225w, https:\/\/www.asrfondacija.com\/wp-content\/uploads\/2026\/03\/Amela-Puzic-apel-1152x1536.jpg 1152w, https:\/\/www.asrfondacija.com\/wp-content\/uploads\/2026\/03\/Amela-Puzic-apel.jpg 1200w\" sizes=\"auto, (max-width: 768px) 100vw, 768px\" \/>\t\t\t\t\t<\/a>\n\t\t\t\t\t\t\t<\/div>\n\t\t\t\t\t\t<h4 class=\"uagb-post__title uagb-post__text\">\n\t\t\t\t<a href=\"https:\/\/www.asrfondacija.com\/tr\/acil-tedavi-cagrisi-amela-emir-puzic\/\" target=\"_self\" rel=\"bookmark noopener noreferrer\">AC\u0130L TEDAV\u0130 \u00c7A\u011eRISI \u2013 Amela (Emir) Puzi\u0107<\/a>\n\t\t\t<\/h4>\n\t\t\t\t\t\t<div class='uagb-post__text uagb-post-grid-byline'>\n\t\t\t\t\t\t\t\t<time datetime=\"2026-03-16T17:14:15+01:00\" class=\"uagb-post__date\">\n\t\t\t\t<span class=\"dashicons-calendar dashicons\"><\/span>\t\t\t\t\t16 Mart 2026\t\t\t\t<\/time>\n\t\t\t\t\t\t<\/div>\n\t\t\t\t\t\t\t<div class='uagb-post__text uagb-post__excerpt'>\n\t\t\t\t\t<p>ASR Vakf\u0131, Saraybosna\u2019dan Amela Puzi\u0107 i\u00e7in acil yard\u0131m \u00e7a\u011fr\u0131s\u0131nda bulunmaktad\u0131r. 2024. y\u0131l\u0131ndan bu yana ciddi&#8230;\t\t\t\t<\/div>\n\t\t\t\t\t\t<div class=\"uagb-post__text uagb-post__cta wp-block-button\">\n\t\t\t\t<a class=\"wp-block-button__link uagb-text-link\" style=\"\" href=\"https:\/\/www.asrfondacija.com\/tr\/acil-tedavi-cagrisi-amela-emir-puzic\/\" target=\"_self\" rel=\"bookmark noopener noreferrer\">Devam\u0131n\u0131 oku<\/a>\n\t\t\t<\/div>\n\t\t\t\n\t\t\t\t\t\t\t\t\t<\/article>\n\t\t\t\t\t\t\t\t\t\t\t<\/div>\n\t\t\t<\/div><\/div>\n<\/div><\/div>\n","protected":false},"excerpt":{"rendered":"","protected":false},"author":1,"featured_media":0,"parent":0,"menu_order":0,"comment_status":"closed","ping_status":"closed","template":"","meta":{"give_campaign_id":0,"_uag_custom_page_level_css":"","site-sidebar-layout":"default","site-content-layout":"","ast-site-content-layout":"full-width-container","site-content-style":"default","site-sidebar-style":"default","ast-global-header-display":"","ast-banner-title-visibility":"","ast-main-header-display":"","ast-hfb-above-header-display":"","ast-hfb-below-header-display":"","ast-hfb-mobile-header-display":"","site-post-title":"disabled","ast-breadcrumbs-content":"","ast-featured-img":"","footer-sml-layout":"","ast-disable-related-posts":"","theme-transparent-header-meta":"enabled","adv-header-id-meta":"","stick-header-meta":"","header-above-stick-meta":"","header-main-stick-meta":"","header-below-stick-meta":"","astra-migrate-meta-layouts":"default","ast-page-background-enabled":"default","ast-page-background-meta":{"desktop":{"background-color":"var(--ast-global-color-5)","background-image":"","background-repeat":"repeat","background-position":"center center","background-size":"auto","background-attachment":"scroll","background-type":"","background-media":"","overlay-type":"","overlay-color":"","overlay-opacity":"","overlay-gradient":""},"tablet":{"background-color":"","background-image":"","background-repeat":"repeat","background-position":"center center","background-size":"auto","background-attachment":"scroll","background-type":"","background-media":"","overlay-type":"","overlay-color":"","overlay-opacity":"","overlay-gradient":""},"mobile":{"background-color":"","background-image":"","background-repeat":"repeat","background-position":"center center","background-size":"auto","background-attachment":"scroll","background-type":"","background-media":"","overlay-type":"","overlay-color":"","overlay-opacity":"","overlay-gradient":""}},"ast-content-background-meta":{"desktop":{"background-color":"var(--ast-global-color-4)","background-image":"","background-repeat":"repeat","background-position":"center center","background-size":"auto","background-attachment":"scroll","background-type":"","background-media":"","overlay-type":"","overlay-color":"","overlay-opacity":"","overlay-gradient":""},"tablet":{"background-color":"var(--ast-global-color-4)","background-image":"","background-repeat":"repeat","background-position":"center center","background-size":"auto","background-attachment":"scroll","background-type":"","background-media":"","overlay-type":"","overlay-color":"","overlay-opacity":"","overlay-gradient":""},"mobile":{"background-color":"var(--ast-global-color-4)","background-image":"","background-repeat":"repeat","background-position":"center center","background-size":"auto","background-attachment":"scroll","background-type":"","background-media":"","overlay-type":"","overlay-color":"","overlay-opacity":"","overlay-gradient":""}},"footnotes":""},"class_list":["post-436","page","type-page","status-publish","hentry"],"campaignId":"","uagb_featured_image_src":{"full":false,"thumbnail":false,"medium":false,"medium_large":false,"large":false,"1536x1536":false,"2048x2048":false},"uagb_author_info":{"display_name":"hm","author_link":"https:\/\/www.asrfondacija.com\/tr\/author\/hm\/"},"uagb_comment_info":0,"uagb_excerpt":null,"_links":{"self":[{"href":"https:\/\/www.asrfondacija.com\/tr\/wp-json\/wp\/v2\/pages\/436","targetHints":{"allow":["GET"]}}],"collection":[{"href":"https:\/\/www.asrfondacija.com\/tr\/wp-json\/wp\/v2\/pages"}],"about":[{"href":"https:\/\/www.asrfondacija.com\/tr\/wp-json\/wp\/v2\/types\/page"}],"author":[{"embeddable":true,"href":"https:\/\/www.asrfondacija.com\/tr\/wp-json\/wp\/v2\/users\/1"}],"replies":[{"embeddable":true,"href":"https:\/\/www.asrfondacija.com\/tr\/wp-json\/wp\/v2\/comments?post=436"}],"version-history":[{"count":6,"href":"https:\/\/www.asrfondacija.com\/tr\/wp-json\/wp\/v2\/pages\/436\/revisions"}],"predecessor-version":[{"id":464,"href":"https:\/\/www.asrfondacija.com\/tr\/wp-json\/wp\/v2\/pages\/436\/revisions\/464"}],"wp:attachment":[{"href":"https:\/\/www.asrfondacija.com\/tr\/wp-json\/wp\/v2\/media?parent=436"}],"curies":[{"name":"wp","href":"https:\/\/api.w.org\/{rel}","templated":true}]}}